 {"id":1453,"date":"2019-08-27T15:53:49","date_gmt":"2019-08-27T18:53:49","guid":{"rendered":"http:\/\/saobernardo.ma.gov.br\/gestaopublica\/?page_id=1453"},"modified":"2021-10-10T11:07:18","modified_gmt":"2021-10-10T14:07:18","slug":"planejamento-orcamentario","status":"publish","type":"page","link":"https:\/\/saobernardo.ma.gov.br\/transparencia\/planejamento-orcamentario\/","title":{"rendered":"Planejamento Or\u00e7ament\u00e1rio"},"content":{"rendered":"<p>Acesse o Planejamento Or\u00e7ament\u00e1rio do nosso Munic\u00edpio<\/p>\n","protected":false},"excerpt":{"rendered":"<p>Acesse o Planejamento Or\u00e7ament\u00e1rio do nosso Munic\u00edpio<\/p>\n","protected":false},"author":8,"featured_media":0,"parent":0,"menu_order":0,"comment_status":"closed","ping_status":"closed","template":"planejamentoorcamentario.php","meta":{"_acf_changed":false,"footnotes":""},"class_list":["post-1453","page","type-page","status-publish","hentry"],"acf":[],"_links":{"self":[{"href":"https:\/\/saobernardo.ma.gov.br\/transparencia\/wp-json\/wp\/v2\/pages\/1453","targetHints":{"allow":["GET"]}}],"collection":[{"href":"https:\/\/saobernardo.ma.gov.br\/transparencia\/wp-json\/wp\/v2\/pages"}],"about":[{"href":"https:\/\/saobernardo.ma.gov.br\/transparencia\/wp-json\/wp\/v2\/types\/page"}],"author":[{"embeddable":true,"href":"https:\/\/saobernardo.ma.gov.br\/transparencia\/wp-json\/wp\/v2\/users\/8"}],"replies":[{"embeddable":true,"href":"https:\/\/saobernardo.ma.gov.br\/transparencia\/wp-json\/wp\/v2\/comments?post=1453"}],"version-history":[{"count":2,"href":"https:\/\/saobernardo.ma.gov.br\/transparencia\/wp-json\/wp\/v2\/pages\/1453\/revisions"}],"predecessor-version":[{"id":8606,"href":"https:\/\/saobernardo.ma.gov.br\/transparencia\/wp-json\/wp\/v2\/pages\/1453\/revisions\/8606"}],"wp:attachment":[{"href":"https:\/\/saobernardo.ma.gov.br\/transparencia\/wp-json\/wp\/v2\/media?parent=1453"}],"curies":[{"name":"wp","href":"https:\/\/api.w.org\/{rel}","templated":true}]}}