 {"id":15556,"date":"2020-08-08T22:08:05","date_gmt":"2020-08-09T01:08:05","guid":{"rendered":"https:\/\/saobernardo.ma.gov.br\/transparencia\/?page_id=15556"},"modified":"2024-07-03T11:04:26","modified_gmt":"2024-07-03T14:04:26","slug":"licitantes-contratados-sancionados","status":"publish","type":"page","link":"https:\/\/saobernardo.ma.gov.br\/transparencia\/licitantes-contratados-sancionados\/","title":{"rendered":"Licitantes Contratados\/Sancionados"},"content":{"rendered":"<p>Acesse a lista de Licitantes Contratados\/Sancionados<\/p>\n<div id=\"footable_parent_18838\"\n         class=\" footable_parent ninja_table_wrapper loading_ninja_table wp_table_data_press_parent semantic_ui \">\n                <table data-ninja_table_instance=\"ninja_table_instance_0\" data-footable_id=\"18838\" data-filter-delay=\"1000\" aria-label=\"Licitantes Contratados - Sancionados\"            id=\"footable_18838\"\n           data-unique_identifier=\"ninja_table_unique_id_91940345_18838\"\n           class=\" foo-table ninja_footable foo_table_18838 ninja_table_unique_id_91940345_18838 ui table  nt_type_legacy_table selectable striped vertical_centered  footable-paging-right ninja_table_pro ninja_table_afd_inline ninja_table_has_custom_filter\">\n                <colgroup>\n                            <col class=\"ninja_column_0 \">\n                            <col class=\"ninja_column_1 \">\n                            <col class=\"ninja_column_2 \">\n                            <col class=\"ninja_column_3 \">\n                    <\/colgroup>\n        <thead>\n<tr class=\"footable-header\">\n                                                                        <th scope=\"col\"  class=\"ninja_column_0 ninja_clmn_nm_posttitle \">Descri\u00e7\u00e3o<\/th><th scope=\"col\"  class=\"ninja_column_1 ninja_clmn_nm_postdate \">Data<\/th><th scope=\"col\"  class=\"ninja_column_2 ninja_clmn_nm_licitantessancionadano \">Ano<\/th><th scope=\"col\"  class=\"ninja_column_3 ninja_clmn_nm_download \">Download<\/th><\/tr>\n<\/thead>\n<tbody>\n\n        <tr data-row_id=\"0\" class=\"ninja_table_row_0 nt_row_id_0\">\n            <td>DECLARA\u00c7\u00c3O DE INEXIST\u00caNCIA DE SAN\u00c7\u00c3O \u00c0 LICITANTE 2026<\/td><td>27\/04\/2026<\/td><td>2026<\/td><td><a target=\"_blank\"  class=\"nt_btn nt_rounded_btn\" style=\"color: rgba(255, 255, 255, 1);background-color: rgba(0, 150, 136, 1);border-color: rgba(0, 150, 136, 1);\" rel=\"\" href=\"https:\/\/saobernardo.ma.gov.br\/transparencia\/wp-content\/uploads\/2026\/03\/licitantes-2026-1.pdf\">Download<\/a><\/td>        <\/tr>\n            <tr data-row_id=\"1\" class=\"ninja_table_row_1 nt_row_id_1\">\n            <td>DECLARA\u00c7\u00c3O DE INEXIST\u00caNCIA DE SAN\u00c7\u00c3O \u00c0 LICITANTE 2025<\/td><td>31\/12\/2025<\/td><td>2025<\/td><td><a target=\"_blank\"  class=\"nt_btn nt_rounded_btn\" style=\"color: rgba(255, 255, 255, 1);background-color: rgba(0, 150, 136, 1);border-color: rgba(0, 150, 136, 1);\" rel=\"\" href=\"https:\/\/saobernardo.ma.gov.br\/transparencia\/wp-content\/uploads\/2026\/03\/licitantes-2025.pdf\">Download<\/a><\/td>        <\/tr>\n            <tr data-row_id=\"2\" class=\"ninja_table_row_2 nt_row_id_2\">\n            <td>DECLARA\u00c7\u00c3O DE INEXIST\u00caNCIA DE SAN\u00c7\u00c3O \u00c0 LICITANTE 2024<\/td><td>27\/06\/2024<\/td><td>2024<\/td><td><a target=\"_blank\"  class=\"nt_btn nt_rounded_btn\" style=\"color: rgba(255, 255, 255, 1);background-color: rgba(0, 150, 136, 1);border-color: rgba(0, 150, 136, 1);\" rel=\"\" href=\"https:\/\/saobernardo.ma.gov.br\/transparencia\/wp-content\/uploads\/2024\/07\/2024-DECLARACAO-DE-INEXISTENCIA-DE-SANCAO-A-LICITANTE-2023.pdf\">Download<\/a><\/td>        <\/tr>\n            <tr data-row_id=\"3\" class=\"ninja_table_row_3 nt_row_id_3\">\n            <td>DECLARA\u00c7\u00c3O DE INEXIST\u00caNCIA DE SAN\u00c7\u00c3O \u00c0 LICITANTE 2023<\/td><td>31\/12\/2023<\/td><td>2023<\/td><td><a target=\"_blank\"  class=\"nt_btn nt_rounded_btn\" style=\"color: rgba(255, 255, 255, 1);background-color: rgba(0, 150, 136, 1);border-color: rgba(0, 150, 136, 1);\" rel=\"\" href=\"https:\/\/saobernardo.ma.gov.br\/transparencia\/wp-content\/uploads\/2024\/07\/2023-DECLARACAO-DE-INEXISTENCIA-DE-SANCAO-A-LICITANTE-2023.pdf\">Download<\/a><\/td>        <\/tr>\n            <tr data-row_id=\"4\" class=\"ninja_table_row_4 nt_row_id_4\">\n            <td>DECLARA\u00c7\u00c3O DE INEXIST\u00caNCIA DE SAN\u00c7\u00c3O \u00c0 LICITANTE 2022<\/td><td>31\/12\/2022<\/td><td>2022<\/td><td><a target=\"_blank\"  class=\"nt_btn nt_rounded_btn\" style=\"color: rgba(255, 255, 255, 1);background-color: rgba(0, 150, 136, 1);border-color: rgba(0, 150, 136, 1);\" rel=\"\" href=\"https:\/\/saobernardo.ma.gov.br\/transparencia\/wp-content\/uploads\/2024\/07\/2022-DECLARACAO-DE-INEXISTENCIA-DE-SANCAO-A-LICITANTE-2023.pdf\">Download<\/a><\/td>        <\/tr>\n            <tr data-row_id=\"5\" class=\"ninja_table_row_5 nt_row_id_5\">\n            <td>DECLARA\u00c7\u00c3O DE INEXIST\u00caNCIA DE SAN\u00c7\u00c3O \u00c0 LICITANTE 2021<\/td><td>31\/12\/2021<\/td><td>2021<\/td><td><a target=\"_blank\"  class=\"nt_btn nt_rounded_btn\" style=\"color: rgba(255, 255, 255, 1);background-color: rgba(0, 150, 136, 1);border-color: rgba(0, 150, 136, 1);\" rel=\"\" href=\"https:\/\/saobernardo.ma.gov.br\/transparencia\/wp-content\/uploads\/2024\/07\/2021-DECLARACAO-DE-INEXISTENCIA-DE-SANCAO-A-LICITANTE-2023.pdf\">Download<\/a><\/td>        <\/tr>\n    <\/tbody><!--ninja_tobody_rendering_done-->\n    <\/table>\n    \n    \n    \n<\/div>\n\n","protected":false},"excerpt":{"rendered":"<p>Acesse a lista de Licitantes Contratados\/Sancionados<\/p>\n","protected":false},"author":8,"featured_media":0,"parent":0,"menu_order":0,"comment_status":"closed","ping_status":"closed","template":"","meta":{"_acf_changed":false,"footnotes":""},"class_list":["post-15556","page","type-page","status-publish","hentry"],"acf":[],"_links":{"self":[{"href":"https:\/\/saobernardo.ma.gov.br\/transparencia\/wp-json\/wp\/v2\/pages\/15556","targetHints":{"allow":["GET"]}}],"collection":[{"href":"https:\/\/saobernardo.ma.gov.br\/transparencia\/wp-json\/wp\/v2\/pages"}],"about":[{"href":"https:\/\/saobernardo.ma.gov.br\/transparencia\/wp-json\/wp\/v2\/types\/page"}],"author":[{"embeddable":true,"href":"https:\/\/saobernardo.ma.gov.br\/transparencia\/wp-json\/wp\/v2\/users\/8"}],"replies":[{"embeddable":true,"href":"https:\/\/saobernardo.ma.gov.br\/transparencia\/wp-json\/wp\/v2\/comments?post=15556"}],"version-history":[{"count":2,"href":"https:\/\/saobernardo.ma.gov.br\/transparencia\/wp-json\/wp\/v2\/pages\/15556\/revisions"}],"predecessor-version":[{"id":18839,"href":"https:\/\/saobernardo.ma.gov.br\/transparencia\/wp-json\/wp\/v2\/pages\/15556\/revisions\/18839"}],"wp:attachment":[{"href":"https:\/\/saobernardo.ma.gov.br\/transparencia\/wp-json\/wp\/v2\/media?parent=15556"}],"curies":[{"name":"wp","href":"https:\/\/api.w.org\/{rel}","templated":true}]}}