 {"id":1589,"date":"2019-09-18T14:52:09","date_gmt":"2019-09-18T17:52:09","guid":{"rendered":"http:\/\/saobernardo.ma.gov.br\/transparencia\/?page_id=1589"},"modified":"2021-10-10T10:47:36","modified_gmt":"2021-10-10T13:47:36","slug":"educacao","status":"publish","type":"page","link":"https:\/\/saobernardo.ma.gov.br\/transparencia\/contra-cheques\/educacao\/","title":{"rendered":"Contra-Cheques &#8211; Educa\u00e7\u00e3o"},"content":{"rendered":"<p>Acesse o Sistema de Contracheques da Educa\u00e7\u00e3o do Munic\u00edpio<\/p>\n","protected":false},"excerpt":{"rendered":"<p>Acesse o Sistema de Contracheques da Educa\u00e7\u00e3o do Munic\u00edpio<\/p>\n","protected":false},"author":8,"featured_media":0,"parent":1587,"menu_order":0,"comment_status":"closed","ping_status":"closed","template":"contrachequeeducacao.php","meta":{"_acf_changed":false,"footnotes":""},"class_list":["post-1589","page","type-page","status-publish","hentry"],"acf":[],"_links":{"self":[{"href":"https:\/\/saobernardo.ma.gov.br\/transparencia\/wp-json\/wp\/v2\/pages\/1589","targetHints":{"allow":["GET"]}}],"collection":[{"href":"https:\/\/saobernardo.ma.gov.br\/transparencia\/wp-json\/wp\/v2\/pages"}],"about":[{"href":"https:\/\/saobernardo.ma.gov.br\/transparencia\/wp-json\/wp\/v2\/types\/page"}],"author":[{"embeddable":true,"href":"https:\/\/saobernardo.ma.gov.br\/transparencia\/wp-json\/wp\/v2\/users\/8"}],"replies":[{"embeddable":true,"href":"https:\/\/saobernardo.ma.gov.br\/transparencia\/wp-json\/wp\/v2\/comments?post=1589"}],"version-history":[{"count":2,"href":"https:\/\/saobernardo.ma.gov.br\/transparencia\/wp-json\/wp\/v2\/pages\/1589\/revisions"}],"predecessor-version":[{"id":8585,"href":"https:\/\/saobernardo.ma.gov.br\/transparencia\/wp-json\/wp\/v2\/pages\/1589\/revisions\/8585"}],"up":[{"embeddable":true,"href":"https:\/\/saobernardo.ma.gov.br\/transparencia\/wp-json\/wp\/v2\/pages\/1587"}],"wp:attachment":[{"href":"https:\/\/saobernardo.ma.gov.br\/transparencia\/wp-json\/wp\/v2\/media?parent=1589"}],"curies":[{"name":"wp","href":"https:\/\/api.w.org\/{rel}","templated":true}]}}