 {"id":1591,"date":"2019-09-18T14:52:54","date_gmt":"2019-09-18T17:52:54","guid":{"rendered":"http:\/\/saobernardo.ma.gov.br\/transparencia\/?page_id=1591"},"modified":"2023-01-13T10:38:30","modified_gmt":"2023-01-13T13:38:30","slug":"adminsaude","status":"publish","type":"page","link":"https:\/\/saobernardo.ma.gov.br\/transparencia\/contra-cheques\/adminsaude\/","title":{"rendered":"Contra-Cheques &#8211; Administra\u00e7\u00e3o e Sa\u00fade"},"content":{"rendered":"<p>Acesse o Sistema de Contracheques da Administra\u00e7\u00e3o e Sa\u00fade do Munic\u00edpio<\/p>\n","protected":false},"excerpt":{"rendered":"<p>Acesse o Sistema de Contracheques da Administra\u00e7\u00e3o e Sa\u00fade do Munic\u00edpio<\/p>\n","protected":false},"author":8,"featured_media":0,"parent":1587,"menu_order":0,"comment_status":"closed","ping_status":"closed","template":"contrachequesaude.php","meta":{"_acf_changed":false,"footnotes":""},"class_list":["post-1591","page","type-page","status-publish","hentry"],"acf":[],"_links":{"self":[{"href":"https:\/\/saobernardo.ma.gov.br\/transparencia\/wp-json\/wp\/v2\/pages\/1591","targetHints":{"allow":["GET"]}}],"collection":[{"href":"https:\/\/saobernardo.ma.gov.br\/transparencia\/wp-json\/wp\/v2\/pages"}],"about":[{"href":"https:\/\/saobernardo.ma.gov.br\/transparencia\/wp-json\/wp\/v2\/types\/page"}],"author":[{"embeddable":true,"href":"https:\/\/saobernardo.ma.gov.br\/transparencia\/wp-json\/wp\/v2\/users\/8"}],"replies":[{"embeddable":true,"href":"https:\/\/saobernardo.ma.gov.br\/transparencia\/wp-json\/wp\/v2\/comments?post=1591"}],"version-history":[{"count":2,"href":"https:\/\/saobernardo.ma.gov.br\/transparencia\/wp-json\/wp\/v2\/pages\/1591\/revisions"}],"predecessor-version":[{"id":8584,"href":"https:\/\/saobernardo.ma.gov.br\/transparencia\/wp-json\/wp\/v2\/pages\/1591\/revisions\/8584"}],"up":[{"embeddable":true,"href":"https:\/\/saobernardo.ma.gov.br\/transparencia\/wp-json\/wp\/v2\/pages\/1587"}],"wp:attachment":[{"href":"https:\/\/saobernardo.ma.gov.br\/transparencia\/wp-json\/wp\/v2\/media?parent=1591"}],"curies":[{"name":"wp","href":"https:\/\/api.w.org\/{rel}","templated":true}]}}