 {"id":17836,"date":"2020-04-17T11:26:42","date_gmt":"2020-04-17T14:26:42","guid":{"rendered":"https:\/\/saobernardo.ma.gov.br\/transparencia\/?page_id=17836"},"modified":"2024-04-17T11:38:18","modified_gmt":"2024-04-17T14:38:18","slug":"renuncias-fiscais","status":"publish","type":"page","link":"https:\/\/saobernardo.ma.gov.br\/transparencia\/renuncias-fiscais\/","title":{"rendered":"Ren\u00fancias Fiscais"},"content":{"rendered":"<p>Acesse as informa\u00e7\u00f5es sobre as Ren\u00fancias Fiscais<br \/>\n<div id=\"footable_parent_17840\"\n         class=\" footable_parent ninja_table_wrapper loading_ninja_table wp_table_data_press_parent semantic_ui \">\n                <table data-ninja_table_instance=\"ninja_table_instance_0\" data-footable_id=\"17840\" data-filter-delay=\"1000\" aria-label=\"Ren\u00fancias Fiscais\"            id=\"footable_17840\"\n           data-unique_identifier=\"ninja_table_unique_id_411822535_17840\"\n           class=\" foo-table ninja_footable foo_table_17840 ninja_table_unique_id_411822535_17840 ui table  nt_type_legacy_table selectable striped vertical_centered  footable-paging-right ninja_table_pro ninja_table_afd_inline ninja_table_has_custom_filter\">\n                <colgroup>\n                            <col class=\"ninja_column_0 \">\n                            <col class=\"ninja_column_1 \">\n                            <col class=\"ninja_column_2 \">\n                            <col class=\"ninja_column_3 \">\n                    <\/colgroup>\n        <thead>\n<tr class=\"footable-header\">\n                                                                        <th scope=\"col\"  class=\"ninja_column_0 ninja_clmn_nm_posttitle \">Descri\u00e7\u00e3o<\/th><th scope=\"col\"  class=\"ninja_column_1 ninja_clmn_nm_postdate \">Data<\/th><th scope=\"col\"  class=\"ninja_column_2 ninja_clmn_nm_renunciafiscalano \">Ano<\/th><th scope=\"col\"  class=\"ninja_column_3 ninja_clmn_nm_download \">Download<\/th><\/tr>\n<\/thead>\n<tbody>\n\n        <tr data-row_id=\"0\" class=\"ninja_table_row_0 nt_row_id_0\">\n            <td>Inexist\u00eancia de Projetos de incentivo \u00e0 cultura nos anos de 2023, 2024, 2025 e 2026<\/td><td>29\/03\/2026<\/td><td><a  data-target_column=renunciafiscalano class=\"ninja_table_permalink ninja_table_do_column_filter\"  href='https:\/\/saobernardo.ma.gov.br\/transparencia\/ano\/2023\/'>2023<\/a>, <a  data-target_column=renunciafiscalano class=\"ninja_table_permalink ninja_table_do_column_filter\"  href='https:\/\/saobernardo.ma.gov.br\/transparencia\/ano\/2024\/'>2024<\/a>, <a  data-target_column=renunciafiscalano class=\"ninja_table_permalink ninja_table_do_column_filter\"  href='https:\/\/saobernardo.ma.gov.br\/transparencia\/ano\/2025\/'>2025<\/a>, <a  data-target_column=renunciafiscalano class=\"ninja_table_permalink ninja_table_do_column_filter\"  href='https:\/\/saobernardo.ma.gov.br\/transparencia\/ano\/2026\/'>2026<\/a><\/td><td><a target=\"_blank\"  class=\"nt_btn nt_rounded_btn\" style=\"color: rgba(255, 255, 255, 1);background-color: rgba(0, 150, 136, 1);border-color: rgba(0, 150, 136, 1);\" rel=\"\" href=\"https:\/\/saobernardo.ma.gov.br\/transparencia\/wp-content\/uploads\/2026\/03\/renuncias-fisicais-projetos-culturais.pdf\">Download<\/a><\/td>        <\/tr>\n            <tr data-row_id=\"1\" class=\"ninja_table_row_1 nt_row_id_1\">\n            <td>Inexist\u00eancia de Ren\u00fancia Fiscal 2026<\/td><td>29\/03\/2026<\/td><td><a  data-target_column=renunciafiscalano class=\"ninja_table_permalink ninja_table_do_column_filter\"  href='https:\/\/saobernardo.ma.gov.br\/transparencia\/ano\/2026\/'>2026<\/a><\/td><td><a target=\"_blank\"  class=\"nt_btn nt_rounded_btn\" style=\"color: rgba(255, 255, 255, 1);background-color: rgba(0, 150, 136, 1);border-color: rgba(0, 150, 136, 1);\" rel=\"\" href=\"https:\/\/saobernardo.ma.gov.br\/transparencia\/wp-content\/uploads\/2026\/03\/renuncias-fiscais-2026.pdf\">Download<\/a><\/td>        <\/tr>\n            <tr data-row_id=\"2\" class=\"ninja_table_row_2 nt_row_id_2\">\n            <td>Inexist\u00eancia de Ren\u00fancia Fiscal 2025<\/td><td>01\/05\/2025<\/td><td><a  data-target_column=renunciafiscalano class=\"ninja_table_permalink ninja_table_do_column_filter\"  href='https:\/\/saobernardo.ma.gov.br\/transparencia\/ano\/2025\/'>2025<\/a><\/td><td><a target=\"_blank\"  class=\"nt_btn nt_rounded_btn\" style=\"color: rgba(255, 255, 255, 1);background-color: rgba(0, 150, 136, 1);border-color: rgba(0, 150, 136, 1);\" rel=\"\" href=\"https:\/\/saobernardo.ma.gov.br\/transparencia\/wp-content\/uploads\/2025\/05\/DECLARACAO-ASSINADA-PELO-RONALDINHO.pdf\">Download<\/a><\/td>        <\/tr>\n            <tr data-row_id=\"3\" class=\"ninja_table_row_3 nt_row_id_3\">\n            <td>Inexist\u00eancia de Ren\u00fancia Fiscal 2024<\/td><td>04\/09\/2024<\/td><td><a  data-target_column=renunciafiscalano class=\"ninja_table_permalink ninja_table_do_column_filter\"  href='https:\/\/saobernardo.ma.gov.br\/transparencia\/ano\/2024\/'>2024<\/a><\/td><td><a target=\"_blank\"  class=\"nt_btn nt_rounded_btn\" style=\"color: rgba(255, 255, 255, 1);background-color: rgba(0, 150, 136, 1);border-color: rgba(0, 150, 136, 1);\" rel=\"\" href=\"https:\/\/saobernardo.ma.gov.br\/transparencia\/wp-content\/uploads\/2024\/09\/RENUNCIAS-FISCAIS-SB-6.pdf\">Download<\/a><\/td>        <\/tr>\n            <tr data-row_id=\"4\" class=\"ninja_table_row_4 nt_row_id_4\">\n            <td>Inexist\u00eancia de Ren\u00fancia Fiscal 2024<\/td><td>05\/08\/2024<\/td><td><a  data-target_column=renunciafiscalano class=\"ninja_table_permalink ninja_table_do_column_filter\"  href='https:\/\/saobernardo.ma.gov.br\/transparencia\/ano\/2024\/'>2024<\/a><\/td><td><a target=\"_blank\"  class=\"nt_btn nt_rounded_btn\" style=\"color: rgba(255, 255, 255, 1);background-color: rgba(0, 150, 136, 1);border-color: rgba(0, 150, 136, 1);\" rel=\"\" href=\"https:\/\/saobernardo.ma.gov.br\/transparencia\/wp-content\/uploads\/2024\/09\/RENUNCIAS-FISCAIS-SB-5.pdf\">Download<\/a><\/td>        <\/tr>\n            <tr data-row_id=\"5\" class=\"ninja_table_row_5 nt_row_id_5\">\n            <td>Inexist\u00eancia de Ren\u00fancia Fiscal 2024<\/td><td>03\/07\/2024<\/td><td><a  data-target_column=renunciafiscalano class=\"ninja_table_permalink ninja_table_do_column_filter\"  href='https:\/\/saobernardo.ma.gov.br\/transparencia\/ano\/2024\/'>2024<\/a><\/td><td><a target=\"_blank\"  class=\"nt_btn nt_rounded_btn\" style=\"color: rgba(255, 255, 255, 1);background-color: rgba(0, 150, 136, 1);border-color: rgba(0, 150, 136, 1);\" rel=\"\" href=\"https:\/\/saobernardo.ma.gov.br\/transparencia\/wp-content\/uploads\/2024\/09\/RENUNCIAS-FISCAIS-SB-4.pdf\">Download<\/a><\/td>        <\/tr>\n            <tr data-row_id=\"6\" class=\"ninja_table_row_6 nt_row_id_6\">\n            <td>Inexist\u00eancia de Ren\u00fancia Fiscal 2024<\/td><td>03\/06\/2024<\/td><td><a  data-target_column=renunciafiscalano class=\"ninja_table_permalink ninja_table_do_column_filter\"  href='https:\/\/saobernardo.ma.gov.br\/transparencia\/ano\/2024\/'>2024<\/a><\/td><td><a target=\"_blank\"  class=\"nt_btn nt_rounded_btn\" style=\"color: rgba(255, 255, 255, 1);background-color: rgba(0, 150, 136, 1);border-color: rgba(0, 150, 136, 1);\" rel=\"\" href=\"https:\/\/saobernardo.ma.gov.br\/transparencia\/wp-content\/uploads\/2024\/09\/RENUNCIAS-FISCAIS-SB-3.pdf\">Download<\/a><\/td>        <\/tr>\n            <tr data-row_id=\"7\" class=\"ninja_table_row_7 nt_row_id_7\">\n            <td>Inexist\u00eancia de Ren\u00fancia Fiscal 2024<\/td><td>02\/05\/2024<\/td><td><a  data-target_column=renunciafiscalano class=\"ninja_table_permalink ninja_table_do_column_filter\"  href='https:\/\/saobernardo.ma.gov.br\/transparencia\/ano\/2024\/'>2024<\/a><\/td><td><a target=\"_blank\"  class=\"nt_btn nt_rounded_btn\" style=\"color: rgba(255, 255, 255, 1);background-color: rgba(0, 150, 136, 1);border-color: rgba(0, 150, 136, 1);\" rel=\"\" href=\"https:\/\/saobernardo.ma.gov.br\/transparencia\/wp-content\/uploads\/2024\/09\/RENUNCIAS-FISCAIS-SB-2.pdf\">Download<\/a><\/td>        <\/tr>\n            <tr data-row_id=\"8\" class=\"ninja_table_row_8 nt_row_id_8\">\n            <td>Inexist\u00eancia de Ren\u00fancia Fiscal 2024<\/td><td>17\/04\/2024<\/td><td><a  data-target_column=renunciafiscalano class=\"ninja_table_permalink ninja_table_do_column_filter\"  href='https:\/\/saobernardo.ma.gov.br\/transparencia\/ano\/2024\/'>2024<\/a><\/td><td><a target=\"_blank\"  class=\"nt_btn nt_rounded_btn\" style=\"color: rgba(255, 255, 255, 1);background-color: rgba(0, 150, 136, 1);border-color: rgba(0, 150, 136, 1);\" rel=\"\" href=\"https:\/\/saobernardo.ma.gov.br\/transparencia\/wp-content\/uploads\/2024\/04\/RONALDO.pdf\">Download<\/a><\/td>        <\/tr>\n            <tr data-row_id=\"9\" class=\"ninja_table_row_9 nt_row_id_9\">\n            <td>Inexist\u00eancia de Ren\u00fancia Fiscal 2023.<\/td><td>16\/04\/2023<\/td><td><a  data-target_column=renunciafiscalano class=\"ninja_table_permalink ninja_table_do_column_filter\"  href='https:\/\/saobernardo.ma.gov.br\/transparencia\/ano\/2023\/'>2023<\/a><\/td><td><a target=\"_blank\"  class=\"nt_btn nt_rounded_btn\" style=\"color: rgba(255, 255, 255, 1);background-color: rgba(0, 150, 136, 1);border-color: rgba(0, 150, 136, 1);\" rel=\"\" href=\"https:\/\/saobernardo.ma.gov.br\/transparencia\/wp-content\/uploads\/2024\/04\/000000000001001-1.pdf\">Download<\/a><\/td>        <\/tr>\n            <tr data-row_id=\"10\" class=\"ninja_table_row_10 nt_row_id_10\">\n            <td>Inexist\u00eancia de Ren\u00fancia Fiscal 2022.<\/td><td>16\/04\/2022<\/td><td><a  data-target_column=renunciafiscalano class=\"ninja_table_permalink ninja_table_do_column_filter\"  href='https:\/\/saobernardo.ma.gov.br\/transparencia\/ano\/2022\/'>2022<\/a><\/td><td><a target=\"_blank\"  class=\"nt_btn nt_rounded_btn\" style=\"color: rgba(255, 255, 255, 1);background-color: rgba(0, 150, 136, 1);border-color: rgba(0, 150, 136, 1);\" rel=\"\" href=\"https:\/\/saobernardo.ma.gov.br\/transparencia\/wp-content\/uploads\/2024\/04\/000000000001001-3.pdf\">Download<\/a><\/td>        <\/tr>\n            <tr data-row_id=\"11\" class=\"ninja_table_row_11 nt_row_id_11\">\n            <td>Inexist\u00eancia de Ren\u00fancia Fiscal 2021.<\/td><td>16\/04\/2021<\/td><td><a  data-target_column=renunciafiscalano class=\"ninja_table_permalink ninja_table_do_column_filter\"  href='https:\/\/saobernardo.ma.gov.br\/transparencia\/ano\/2021\/'>2021<\/a><\/td><td><a target=\"_blank\"  class=\"nt_btn nt_rounded_btn\" style=\"color: rgba(255, 255, 255, 1);background-color: rgba(0, 150, 136, 1);border-color: rgba(0, 150, 136, 1);\" rel=\"\" href=\"https:\/\/saobernardo.ma.gov.br\/transparencia\/wp-content\/uploads\/2024\/04\/000000000001001-2.pdf\">Download<\/a><\/td>        <\/tr>\n    <\/tbody><!--ninja_tobody_rendering_done-->\n    <\/table>\n    \n    \n    \n<\/div>\n<\/p>\n","protected":false},"excerpt":{"rendered":"<p>Acesse as informa\u00e7\u00f5es sobre as Ren\u00fancias Fiscais<\/p>\n","protected":false},"author":8,"featured_media":0,"parent":0,"menu_order":0,"comment_status":"closed","ping_status":"closed","template":"","meta":{"_acf_changed":false,"footnotes":""},"class_list":["post-17836","page","type-page","status-publish","hentry"],"acf":[],"_links":{"self":[{"href":"https:\/\/saobernardo.ma.gov.br\/transparencia\/wp-json\/wp\/v2\/pages\/17836","targetHints":{"allow":["GET"]}}],"collection":[{"href":"https:\/\/saobernardo.ma.gov.br\/transparencia\/wp-json\/wp\/v2\/pages"}],"about":[{"href":"https:\/\/saobernardo.ma.gov.br\/transparencia\/wp-json\/wp\/v2\/types\/page"}],"author":[{"embeddable":true,"href":"https:\/\/saobernardo.ma.gov.br\/transparencia\/wp-json\/wp\/v2\/users\/8"}],"replies":[{"embeddable":true,"href":"https:\/\/saobernardo.ma.gov.br\/transparencia\/wp-json\/wp\/v2\/comments?post=17836"}],"version-history":[{"count":2,"href":"https:\/\/saobernardo.ma.gov.br\/transparencia\/wp-json\/wp\/v2\/pages\/17836\/revisions"}],"predecessor-version":[{"id":17841,"href":"https:\/\/saobernardo.ma.gov.br\/transparencia\/wp-json\/wp\/v2\/pages\/17836\/revisions\/17841"}],"wp:attachment":[{"href":"https:\/\/saobernardo.ma.gov.br\/transparencia\/wp-json\/wp\/v2\/media?parent=17836"}],"curies":[{"name":"wp","href":"https:\/\/api.w.org\/{rel}","templated":true}]}}