 {"id":18119,"date":"2017-05-17T09:40:10","date_gmt":"2017-05-17T12:40:10","guid":{"rendered":"https:\/\/saobernardo.ma.gov.br\/transparencia\/?page_id=18119"},"modified":"2024-05-17T09:40:36","modified_gmt":"2024-05-17T12:40:36","slug":"lista-de-medicamentos","status":"publish","type":"page","link":"https:\/\/saobernardo.ma.gov.br\/transparencia\/lista-de-medicamentos\/","title":{"rendered":"Lista de Medicamentos"},"content":{"rendered":"<p>Acesse a Lista de Medicamentos disponibilizada pela Rede Municipal<br \/>\n<div id=\"footable_parent_18118\"\n         class=\" footable_parent ninja_table_wrapper loading_ninja_table wp_table_data_press_parent semantic_ui \">\n                <table data-ninja_table_instance=\"ninja_table_instance_0\" data-footable_id=\"18118\" data-filter-delay=\"1000\" aria-label=\"Lista de Medicamentos\"            id=\"footable_18118\"\n           data-unique_identifier=\"ninja_table_unique_id_3482433412_18118\"\n           class=\" foo-table ninja_footable foo_table_18118 ninja_table_unique_id_3482433412_18118 ui table  nt_type_legacy_table selectable striped vertical_centered  footable-paging-right ninja_table_pro ninja_table_afd_inline ninja_table_has_custom_filter\">\n                <colgroup>\n                            <col class=\"ninja_column_0 \">\n                            <col class=\"ninja_column_1 \">\n                            <col class=\"ninja_column_2 \">\n                            <col class=\"ninja_column_3 \">\n                    <\/colgroup>\n        <thead>\n<tr class=\"footable-header\">\n                                                                        <th scope=\"col\"  class=\"ninja_column_0 ninja_clmn_nm_posttitle \">Descri\u00e7\u00e3o<\/th><th scope=\"col\"  class=\"ninja_column_1 ninja_clmn_nm_postdate \">Data<\/th><th scope=\"col\"  class=\"ninja_column_2 ninja_clmn_nm_listademedicamentoano \">Ano<\/th><th scope=\"col\"  class=\"ninja_column_3 ninja_clmn_nm_download \">Download<\/th><\/tr>\n<\/thead>\n<tbody>\n\n        <tr data-row_id=\"0\" class=\"ninja_table_row_0 nt_row_id_0\">\n            <td>LISTA DOS MEDICAMENTOS DA FARM\u00c1CIA CENTRAL DE S\u00c3O BERNARDO-MA<\/td><td>29\/04\/2026<\/td><td>2026<\/td><td><a target=\"_blank\"  class=\"nt_btn nt_rounded_btn\" style=\"color: rgba(255, 255, 255, 1);background-color: rgba(0, 150, 136, 1);border-color: rgba(0, 150, 136, 1);\" rel=\"\" href=\"https:\/\/saobernardo.ma.gov.br\/transparencia\/wp-content\/uploads\/2026\/04\/Lista-feme-2025.pdf\">Download<\/a><\/td>        <\/tr>\n            <tr data-row_id=\"1\" class=\"ninja_table_row_1 nt_row_id_1\">\n            <td>INFORMATIVO - LISTA DOS MEDICAMENTOS DA FARM\u00c1CIA CENTRAL DE S\u00c3O BERNARDO<\/td><td>05\/08\/2025<\/td><td>2025<\/td><td><a target=\"_blank\"  class=\"nt_btn nt_rounded_btn\" style=\"color: rgba(255, 255, 255, 1);background-color: rgba(0, 150, 136, 1);border-color: rgba(0, 150, 136, 1);\" rel=\"\" href=\"https:\/\/saobernardo.ma.gov.br\/transparencia\/wp-content\/uploads\/2025\/08\/DIVULGACAO-E-DISPENSA-DE-MEDICAMENTOS-BASICOS-SEMUS.pdf\">Download<\/a><\/td>        <\/tr>\n            <tr data-row_id=\"2\" class=\"ninja_table_row_2 nt_row_id_2\">\n            <td>LISTA DOS MEDICAMENTOS DA FARM\u00c1CIA CENTRAL DE S\u00c3O BERNARDO<\/td><td>30\/05\/2025<\/td><td>2025<\/td><td><a target=\"_blank\"  class=\"nt_btn nt_rounded_btn\" style=\"color: rgba(255, 255, 255, 1);background-color: rgba(0, 150, 136, 1);border-color: rgba(0, 150, 136, 1);\" rel=\"\" href=\"https:\/\/saobernardo.ma.gov.br\/transparencia\/wp-content\/uploads\/2025\/05\/LISTA-DOS-MEDICAMENTOS-DA-FARMACIA-CENTRAL-DE-SAO-BERNARDO-.pdf\">Download<\/a><\/td>        <\/tr>\n            <tr data-row_id=\"3\" class=\"ninja_table_row_3 nt_row_id_3\">\n            <td>Distribui\u00e7\u00e3o de medicamentos para as unidades b\u00e1sicas de sa\u00fade<\/td><td>30\/12\/2024<\/td><td>2024<\/td><td><a target=\"_blank\"  class=\"nt_btn nt_rounded_btn\" style=\"color: rgba(255, 255, 255, 1);background-color: rgba(0, 150, 136, 1);border-color: rgba(0, 150, 136, 1);\" rel=\"\" href=\"https:\/\/saobernardo.ma.gov.br\/transparencia\/wp-content\/uploads\/2025\/05\/Estoque-de-medicamentos-essenciais-2025-CAF-SEMUS.pdf\">Download<\/a><\/td>        <\/tr>\n            <tr data-row_id=\"4\" class=\"ninja_table_row_4 nt_row_id_4\">\n            <td>LISTA  DOS MEDICAMENTOS DA FARM\u00c1CIA CENTRAL DE S\u00c3O BERNARDO<\/td><td>22\/05\/2024<\/td><td>2024<\/td><td><a target=\"_blank\"  class=\"nt_btn nt_rounded_btn\" style=\"color: rgba(255, 255, 255, 1);background-color: rgba(0, 150, 136, 1);border-color: rgba(0, 150, 136, 1);\" rel=\"\" href=\"https:\/\/saobernardo.ma.gov.br\/transparencia\/wp-content\/uploads\/2024\/05\/LISTA-DOS-MEDICAMENTOS-DA-FARMACIA-CENTRAL-DE-SAO-BERNARDO-1.pdf\">Download<\/a><\/td>        <\/tr>\n            <tr data-row_id=\"5\" class=\"ninja_table_row_5 nt_row_id_5\">\n            <td>RELA\u00c7\u00c3O MUNICIPAL DE MEDICAMENTOS ESSENCIAIS<\/td><td>05\/05\/2022<\/td><td>2022<\/td><td><a target=\"_blank\"  class=\"nt_btn nt_rounded_btn\" style=\"color: rgba(255, 255, 255, 1);background-color: rgba(0, 150, 136, 1);border-color: rgba(0, 150, 136, 1);\" rel=\"\" href=\"https:\/\/saobernardo.ma.gov.br\/transparencia\/wp-content\/uploads\/2025\/08\/REMUME-SAO-BERNARDO-2021-2022-3.pdf\">Download<\/a><\/td>        <\/tr>\n    <\/tbody><!--ninja_tobody_rendering_done-->\n    <\/table>\n    \n    \n    \n<\/div>\n<\/p>\n","protected":false},"excerpt":{"rendered":"<p>Acesse a Lista de Medicamentos disponibilizada pela Rede Municipal<\/p>\n","protected":false},"author":8,"featured_media":0,"parent":0,"menu_order":0,"comment_status":"closed","ping_status":"closed","template":"","meta":{"_acf_changed":false,"footnotes":""},"class_list":["post-18119","page","type-page","status-publish","hentry"],"acf":[],"_links":{"self":[{"href":"https:\/\/saobernardo.ma.gov.br\/transparencia\/wp-json\/wp\/v2\/pages\/18119","targetHints":{"allow":["GET"]}}],"collection":[{"href":"https:\/\/saobernardo.ma.gov.br\/transparencia\/wp-json\/wp\/v2\/pages"}],"about":[{"href":"https:\/\/saobernardo.ma.gov.br\/transparencia\/wp-json\/wp\/v2\/types\/page"}],"author":[{"embeddable":true,"href":"https:\/\/saobernardo.ma.gov.br\/transparencia\/wp-json\/wp\/v2\/users\/8"}],"replies":[{"embeddable":true,"href":"https:\/\/saobernardo.ma.gov.br\/transparencia\/wp-json\/wp\/v2\/comments?post=18119"}],"version-history":[{"count":1,"href":"https:\/\/saobernardo.ma.gov.br\/transparencia\/wp-json\/wp\/v2\/pages\/18119\/revisions"}],"predecessor-version":[{"id":18120,"href":"https:\/\/saobernardo.ma.gov.br\/transparencia\/wp-json\/wp\/v2\/pages\/18119\/revisions\/18120"}],"wp:attachment":[{"href":"https:\/\/saobernardo.ma.gov.br\/transparencia\/wp-json\/wp\/v2\/media?parent=18119"}],"curies":[{"name":"wp","href":"https:\/\/api.w.org\/{rel}","templated":true}]}}