 {"id":22398,"date":"2021-06-03T14:54:35","date_gmt":"2021-06-03T17:54:35","guid":{"rendered":"https:\/\/saobernardo.ma.gov.br\/transparencia\/?page_id=22398"},"modified":"2025-06-03T15:01:27","modified_gmt":"2025-06-03T18:01:27","slug":"transferencias-voluntarias-sem-repasses-financeiros","status":"publish","type":"page","link":"https:\/\/saobernardo.ma.gov.br\/transparencia\/transferencias-voluntarias-sem-repasses-financeiros\/","title":{"rendered":"Transfer\u00eancias Volunt\u00e1rias sem Repasses Financeiros"},"content":{"rendered":"<p>Acesse as Transfer\u00eancias Volunt\u00e1rias sem Repasses Financeiros feitas pelo Munic\u00edpio<\/p>\n<div id=\"footable_parent_22402\"\n         class=\" footable_parent ninja_table_wrapper loading_ninja_table wp_table_data_press_parent semantic_ui \">\n                <table data-ninja_table_instance=\"ninja_table_instance_0\" data-footable_id=\"22402\" data-filter-delay=\"1000\" aria-label=\"Transfer\u00eancias Volunt\u00e1rias sem Repasses Financeiros\"            id=\"footable_22402\"\n           data-unique_identifier=\"ninja_table_unique_id_2021609407_22402\"\n           class=\" foo-table ninja_footable foo_table_22402 ninja_table_unique_id_2021609407_22402 ui table  ninja_search_right nt_type_legacy_table selectable striped vertical_centered  footable-paging-right ninja_table_pro ninja_table_afd_inline ninja_table_has_custom_filter\">\n                <colgroup>\n                            <col class=\"ninja_column_0 \">\n                            <col class=\"ninja_column_1 \">\n                            <col class=\"ninja_column_2 \">\n                            <col class=\"ninja_column_3 \">\n                            <col class=\"ninja_column_4 \">\n                    <\/colgroup>\n        <thead>\n<tr class=\"footable-header\">\n                                                                                        <th scope=\"col\"  class=\"ninja_column_0 ninja_clmn_nm_posttitle \">Descri\u00e7\u00e3o<\/th><th scope=\"col\"  class=\"ninja_column_1 ninja_clmn_nm_postdate \">Data<\/th><th scope=\"col\"  class=\"ninja_column_2 ninja_clmn_nm_transfervolunsemrmes \">M\u00eas<\/th><th scope=\"col\"  class=\"ninja_column_3 ninja_clmn_nm_transfervolunsemrano \">Ano<\/th><th scope=\"col\"  class=\"ninja_column_4 ninja_clmn_nm_download \">Download<\/th><\/tr>\n<\/thead>\n<tbody>\n\n        <tr data-row_id=\"0\" class=\"ninja_table_row_0 nt_row_id_0\">\n            <td>Transfer\u00eancias Volunt\u00e1rias sem Repasses Financeiros<\/td><td>28\/04\/2026<\/td><td>Abril<\/td><td>2026<\/td><td><a target=\"_blank\"  class=\"nt_btn nt_rounded_btn\" style=\"color: rgba(255, 255, 255, 1);background-color: rgba(0, 150, 136, 1);border-color: rgba(0, 150, 136, 1);\" rel=\"\" href=\"https:\/\/saobernardo.ma.gov.br\/transparencia\/wp-content\/uploads\/2026\/04\/transferencias-voluntarias-sem-repasse-financeiro.pdf\">Download<\/a><\/td>        <\/tr>\n            <tr data-row_id=\"1\" class=\"ninja_table_row_1 nt_row_id_1\">\n            <td>Transfer\u00eancias Volunt\u00e1rias sem Repasses Financeiros<\/td><td>30\/05\/2025<\/td><td>Maio<\/td><td>2025<\/td><td><a target=\"_blank\"  class=\"nt_btn nt_rounded_btn\" style=\"color: rgba(255, 255, 255, 1);background-color: rgba(0, 150, 136, 1);border-color: rgba(0, 150, 136, 1);\" rel=\"\" href=\"https:\/\/saobernardo.ma.gov.br\/transparencia\/wp-content\/uploads\/2025\/06\/ACORDOS-FIRMADOS-NAO-HOUVE-TRASNFERENCIA-2025.pdf\">Download<\/a><\/td>        <\/tr>\n    <\/tbody><!--ninja_tobody_rendering_done-->\n    <\/table>\n    \n    \n    \n<\/div>\n\n","protected":false},"excerpt":{"rendered":"<p>Acesse as Transfer\u00eancias Volunt\u00e1rias sem Repasses Financeiros feitas pelo Munic\u00edpio<\/p>\n","protected":false},"author":8,"featured_media":0,"parent":0,"menu_order":0,"comment_status":"closed","ping_status":"closed","template":"","meta":{"_acf_changed":false,"footnotes":""},"class_list":["post-22398","page","type-page","status-publish","hentry"],"acf":[],"_links":{"self":[{"href":"https:\/\/saobernardo.ma.gov.br\/transparencia\/wp-json\/wp\/v2\/pages\/22398","targetHints":{"allow":["GET"]}}],"collection":[{"href":"https:\/\/saobernardo.ma.gov.br\/transparencia\/wp-json\/wp\/v2\/pages"}],"about":[{"href":"https:\/\/saobernardo.ma.gov.br\/transparencia\/wp-json\/wp\/v2\/types\/page"}],"author":[{"embeddable":true,"href":"https:\/\/saobernardo.ma.gov.br\/transparencia\/wp-json\/wp\/v2\/users\/8"}],"replies":[{"embeddable":true,"href":"https:\/\/saobernardo.ma.gov.br\/transparencia\/wp-json\/wp\/v2\/comments?post=22398"}],"version-history":[{"count":2,"href":"https:\/\/saobernardo.ma.gov.br\/transparencia\/wp-json\/wp\/v2\/pages\/22398\/revisions"}],"predecessor-version":[{"id":22403,"href":"https:\/\/saobernardo.ma.gov.br\/transparencia\/wp-json\/wp\/v2\/pages\/22398\/revisions\/22403"}],"wp:attachment":[{"href":"https:\/\/saobernardo.ma.gov.br\/transparencia\/wp-json\/wp\/v2\/media?parent=22398"}],"curies":[{"name":"wp","href":"https:\/\/api.w.org\/{rel}","templated":true}]}}