 {"id":22937,"date":"2017-08-12T07:48:29","date_gmt":"2017-08-12T10:48:29","guid":{"rendered":"https:\/\/saobernardo.ma.gov.br\/transparencia\/?page_id=22937"},"modified":"2025-08-12T09:23:23","modified_gmt":"2025-08-12T12:23:23","slug":"patrimonio-tombamento","status":"publish","type":"page","link":"https:\/\/saobernardo.ma.gov.br\/transparencia\/patrimonio-tombamento\/","title":{"rendered":"Patrim\u00f4nio \/ Tombamento"},"content":{"rendered":"<p>Exibir informa\u00e7\u00f5es sobre Patrim\u00f4nio \/ Tombamento<\/p>\n<div class=\"nt_preview_header_title\"><div id=\"footable_parent_22951\"\n         class=\" footable_parent ninja_table_wrapper loading_ninja_table wp_table_data_press_parent semantic_ui \">\n                <table data-ninja_table_instance=\"ninja_table_instance_0\" data-footable_id=\"22951\" data-filter-delay=\"1000\" aria-label=\"Ptombamento\"            id=\"footable_22951\"\n           data-unique_identifier=\"ninja_table_unique_id_3038435082_22951\"\n           class=\" foo-table ninja_footable foo_table_22951 ninja_table_unique_id_3038435082_22951 ui table  ninja_search_right nt_type_legacy_table selectable striped vertical_centered  footable-paging-right ninja_table_pro ninja_table_afd_inline ninja_table_has_custom_filter\">\n                <colgroup>\n                            <col class=\"ninja_column_0 \">\n                            <col class=\"ninja_column_1 \">\n                            <col class=\"ninja_column_2 \">\n                            <col class=\"ninja_column_3 \">\n                            <col class=\"ninja_column_4 \">\n                    <\/colgroup>\n        <thead>\n<tr class=\"footable-header\">\n                                                                                        <th scope=\"col\"  class=\"ninja_column_0 ninja_clmn_nm_posttitle \">Descri\u00e7\u00e3o<\/th><th scope=\"col\"  class=\"ninja_column_1 ninja_clmn_nm_postdate \">Data<\/th><th scope=\"col\"  class=\"ninja_column_2 ninja_clmn_nm_patrimoniotombamentano \">Ano<\/th><th scope=\"col\"  class=\"ninja_column_3 ninja_clmn_nm_patrimoniotombamentsecretarias \">Secretarias<\/th><th scope=\"col\"  class=\"ninja_column_4 ninja_clmn_nm_download \">Download<\/th><\/tr>\n<\/thead>\n<tbody>\n\n        <tr data-row_id=\"0\" class=\"ninja_table_row_0 nt_row_id_0\">\n            <td>Patrim\u00f4nio \/ Tombamento - Conselho Tutelar<\/td><td>06\/08\/2025<\/td><td>2025<\/td><td>Secretaria Municipal de Gest\u00e3o \u2013 SEMGE<\/td><td><a target=\"_blank\"  class=\"nt_btn nt_rounded_btn\" style=\"color: #FFFFFFFF;background-color: #009688FF;border-color: #009688FF;\" rel=\"\" href=\"https:\/\/saobernardo.ma.gov.br\/transparencia\/wp-content\/uploads\/2025\/08\/ilovepdf_merged.pdf\">Download<\/a><\/td>        <\/tr>\n    <\/tbody><!--ninja_tobody_rendering_done-->\n    <\/table>\n    \n    \n    \n<\/div>\n<\/div>\n","protected":false},"excerpt":{"rendered":"<p>Exibir informa\u00e7\u00f5es sobre Patrim\u00f4nio \/ Tombamento<\/p>\n","protected":false},"author":8,"featured_media":0,"parent":0,"menu_order":0,"comment_status":"closed","ping_status":"closed","template":"","meta":{"_acf_changed":false,"footnotes":""},"class_list":["post-22937","page","type-page","status-publish","hentry"],"acf":[],"_links":{"self":[{"href":"https:\/\/saobernardo.ma.gov.br\/transparencia\/wp-json\/wp\/v2\/pages\/22937","targetHints":{"allow":["GET"]}}],"collection":[{"href":"https:\/\/saobernardo.ma.gov.br\/transparencia\/wp-json\/wp\/v2\/pages"}],"about":[{"href":"https:\/\/saobernardo.ma.gov.br\/transparencia\/wp-json\/wp\/v2\/types\/page"}],"author":[{"embeddable":true,"href":"https:\/\/saobernardo.ma.gov.br\/transparencia\/wp-json\/wp\/v2\/users\/8"}],"replies":[{"embeddable":true,"href":"https:\/\/saobernardo.ma.gov.br\/transparencia\/wp-json\/wp\/v2\/comments?post=22937"}],"version-history":[{"count":8,"href":"https:\/\/saobernardo.ma.gov.br\/transparencia\/wp-json\/wp\/v2\/pages\/22937\/revisions"}],"predecessor-version":[{"id":22952,"href":"https:\/\/saobernardo.ma.gov.br\/transparencia\/wp-json\/wp\/v2\/pages\/22937\/revisions\/22952"}],"wp:attachment":[{"href":"https:\/\/saobernardo.ma.gov.br\/transparencia\/wp-json\/wp\/v2\/media?parent=22937"}],"curies":[{"name":"wp","href":"https:\/\/api.w.org\/{rel}","templated":true}]}}