 {"id":2800,"date":"2020-06-19T11:51:46","date_gmt":"2020-06-19T14:51:46","guid":{"rendered":"http:\/\/saobernardo.ma.gov.br\/transparencia\/?page_id=2800"},"modified":"2021-10-10T10:48:26","modified_gmt":"2021-10-10T13:48:26","slug":"contratacao-direta-de-pessoal","status":"publish","type":"page","link":"https:\/\/saobernardo.ma.gov.br\/transparencia\/contratacao-direta-de-pessoal\/","title":{"rendered":"Contrata\u00e7\u00e3o Direta de Pessoal &#8211; Combate ao Covid-19"},"content":{"rendered":"<p>Acesse as Contrata\u00e7\u00f5es Direta de Pessoal para o Combate ao Covid-19<\/p>\n","protected":false},"excerpt":{"rendered":"<p>Acesse as Contrata\u00e7\u00f5es Direta de Pessoal para o Combate ao Covid-19<\/p>\n","protected":false},"author":8,"featured_media":0,"parent":0,"menu_order":0,"comment_status":"closed","ping_status":"closed","template":"contratacaodiretadepessoal.php","meta":{"_acf_changed":false,"footnotes":""},"class_list":["post-2800","page","type-page","status-publish","hentry"],"acf":[],"_links":{"self":[{"href":"https:\/\/saobernardo.ma.gov.br\/transparencia\/wp-json\/wp\/v2\/pages\/2800","targetHints":{"allow":["GET"]}}],"collection":[{"href":"https:\/\/saobernardo.ma.gov.br\/transparencia\/wp-json\/wp\/v2\/pages"}],"about":[{"href":"https:\/\/saobernardo.ma.gov.br\/transparencia\/wp-json\/wp\/v2\/types\/page"}],"author":[{"embeddable":true,"href":"https:\/\/saobernardo.ma.gov.br\/transparencia\/wp-json\/wp\/v2\/users\/8"}],"replies":[{"embeddable":true,"href":"https:\/\/saobernardo.ma.gov.br\/transparencia\/wp-json\/wp\/v2\/comments?post=2800"}],"version-history":[{"count":4,"href":"https:\/\/saobernardo.ma.gov.br\/transparencia\/wp-json\/wp\/v2\/pages\/2800\/revisions"}],"predecessor-version":[{"id":8586,"href":"https:\/\/saobernardo.ma.gov.br\/transparencia\/wp-json\/wp\/v2\/pages\/2800\/revisions\/8586"}],"wp:attachment":[{"href":"https:\/\/saobernardo.ma.gov.br\/transparencia\/wp-json\/wp\/v2\/media?parent=2800"}],"curies":[{"name":"wp","href":"https:\/\/api.w.org\/{rel}","templated":true}]}}