 {"id":6682,"date":"2021-06-01T15:23:19","date_gmt":"2021-06-01T18:23:19","guid":{"rendered":"https:\/\/saobernardo.ma.gov.br\/transparencia\/?page_id=6682"},"modified":"2021-10-10T11:09:19","modified_gmt":"2021-10-10T14:09:19","slug":"plano-de-vacinacao-covid-19","status":"publish","type":"page","link":"https:\/\/saobernardo.ma.gov.br\/transparencia\/plano-de-vacinacao-covid-19\/","title":{"rendered":"Plano de Vacina\u00e7\u00e3o Covid-19"},"content":{"rendered":"<p>Acesse o nosso Plano de Vacina\u00e7\u00e3o de combate ao Covid-19 no nosso Munic\u00edpio<\/p>\n","protected":false},"excerpt":{"rendered":"<p>Acesse o nosso Plano de Vacina\u00e7\u00e3o de combate ao Covid-19 no nosso Munic\u00edpio<\/p>\n","protected":false},"author":8,"featured_media":0,"parent":0,"menu_order":0,"comment_status":"closed","ping_status":"closed","template":"plano-de-vacinacao.php","meta":{"_acf_changed":false,"footnotes":""},"class_list":["post-6682","page","type-page","status-publish","hentry"],"acf":[],"_links":{"self":[{"href":"https:\/\/saobernardo.ma.gov.br\/transparencia\/wp-json\/wp\/v2\/pages\/6682","targetHints":{"allow":["GET"]}}],"collection":[{"href":"https:\/\/saobernardo.ma.gov.br\/transparencia\/wp-json\/wp\/v2\/pages"}],"about":[{"href":"https:\/\/saobernardo.ma.gov.br\/transparencia\/wp-json\/wp\/v2\/types\/page"}],"author":[{"embeddable":true,"href":"https:\/\/saobernardo.ma.gov.br\/transparencia\/wp-json\/wp\/v2\/users\/8"}],"replies":[{"embeddable":true,"href":"https:\/\/saobernardo.ma.gov.br\/transparencia\/wp-json\/wp\/v2\/comments?post=6682"}],"version-history":[{"count":2,"href":"https:\/\/saobernardo.ma.gov.br\/transparencia\/wp-json\/wp\/v2\/pages\/6682\/revisions"}],"predecessor-version":[{"id":8610,"href":"https:\/\/saobernardo.ma.gov.br\/transparencia\/wp-json\/wp\/v2\/pages\/6682\/revisions\/8610"}],"wp:attachment":[{"href":"https:\/\/saobernardo.ma.gov.br\/transparencia\/wp-json\/wp\/v2\/media?parent=6682"}],"curies":[{"name":"wp","href":"https:\/\/api.w.org\/{rel}","templated":true}]}}