 {"id":6883,"date":"2021-06-30T11:07:53","date_gmt":"2021-06-30T14:07:53","guid":{"rendered":"https:\/\/saobernardo.ma.gov.br\/transparencia\/?page_id=6883"},"modified":"2021-10-10T11:13:32","modified_gmt":"2021-10-10T14:13:32","slug":"tabela-remuneratoria","status":"publish","type":"page","link":"https:\/\/saobernardo.ma.gov.br\/transparencia\/tabela-remuneratoria\/","title":{"rendered":"Tabela Remunerat\u00f3ria"},"content":{"rendered":"<p>Acesse a Tabela Remunerat\u00f3ria do nosso Munic\u00edpio<\/p>\n","protected":false},"excerpt":{"rendered":"<p>Acesse a Tabela Remunerat\u00f3ria do nosso Munic\u00edpio<\/p>\n","protected":false},"author":8,"featured_media":0,"parent":0,"menu_order":0,"comment_status":"closed","ping_status":"closed","template":"tabelaremuneratoria.php","meta":{"_acf_changed":false,"footnotes":""},"class_list":["post-6883","page","type-page","status-publish","hentry"],"acf":[],"_links":{"self":[{"href":"https:\/\/saobernardo.ma.gov.br\/transparencia\/wp-json\/wp\/v2\/pages\/6883","targetHints":{"allow":["GET"]}}],"collection":[{"href":"https:\/\/saobernardo.ma.gov.br\/transparencia\/wp-json\/wp\/v2\/pages"}],"about":[{"href":"https:\/\/saobernardo.ma.gov.br\/transparencia\/wp-json\/wp\/v2\/types\/page"}],"author":[{"embeddable":true,"href":"https:\/\/saobernardo.ma.gov.br\/transparencia\/wp-json\/wp\/v2\/users\/8"}],"replies":[{"embeddable":true,"href":"https:\/\/saobernardo.ma.gov.br\/transparencia\/wp-json\/wp\/v2\/comments?post=6883"}],"version-history":[{"count":2,"href":"https:\/\/saobernardo.ma.gov.br\/transparencia\/wp-json\/wp\/v2\/pages\/6883\/revisions"}],"predecessor-version":[{"id":8619,"href":"https:\/\/saobernardo.ma.gov.br\/transparencia\/wp-json\/wp\/v2\/pages\/6883\/revisions\/8619"}],"wp:attachment":[{"href":"https:\/\/saobernardo.ma.gov.br\/transparencia\/wp-json\/wp\/v2\/media?parent=6883"}],"curies":[{"name":"wp","href":"https:\/\/api.w.org\/{rel}","templated":true}]}}