 {"id":741,"date":"2018-08-31T16:02:07","date_gmt":"2018-08-31T19:02:07","guid":{"rendered":"http:\/\/saobernardo.ma.gov.br\/gestaopublica\/?page_id=741"},"modified":"2018-08-31T16:02:07","modified_gmt":"2018-08-31T19:02:07","slug":"acessibilidade","status":"publish","type":"page","link":"https:\/\/saobernardo.ma.gov.br\/transparencia\/acessibilidade\/","title":{"rendered":"<i class=\"fab fa-accessible-icon\"><\/i> Acessibilidade"},"content":{"rendered":"<div class=\"description\">\n<p>Este portal segue as diretrizes do e-MAG (Modelo de Acessibilidade em Governo Eletr\u00f4nico), conforme as normas do Governo Federal, em obedi\u00eancia ao Decreto 5.296, de 2.12.2004.<\/p>\n<\/div>\n<p>O termo acessibilidade significa incluir a pessoa com defici\u00eancia na participa\u00e7\u00e3o de atividades como o uso de produtos, servi\u00e7os e informa\u00e7\u00f5es. Alguns exemplos s\u00e3o os pr\u00e9dios com rampas de acesso para cadeira de rodas e banheiros adaptados para deficientes.<\/p>\n<p>Na internet, acessibilidade refere-se principalmente \u00e0s recomenda\u00e7\u00f5es do WCAG (World Content Accessibility Guide) do W3C e no caso do Governo Brasileiro ao e-MAG (Modelo de Acessibilidade em Governo Eletr\u00f4nico). O e-MAG est\u00e1 alinhado as recomenda\u00e7\u00f5es internacionais, mas estabelece padr\u00f5es de comportamento acess\u00edvel para sites governamentais.<\/p>\n<p>Na parte superior do portal existe uma barra de acessibilidade onde se encontra atalhos de navega\u00e7\u00e3o padronizados e a op\u00e7\u00e3o para alterar o contraste. Essas ferramentas est\u00e3o dispon\u00edveis em todas as p\u00e1ginas do portal.<\/p>\n<p>Os atalhos padr\u00f5es do governo federal s\u00e3o:<\/p>\n<ul>\n<li>Teclando-se Alt + 1 em qualquer p\u00e1gina do portal, chega-se diretamente ao come\u00e7o do conte\u00fado principal da p\u00e1gina.<\/li>\n<li>Teclando-se Alt + 2 em qualquer p\u00e1gina do portal, chega-se diretamente ao in\u00edcio do menu principal.<\/li>\n<li>Teclando-se Alt + 3 em qualquer p\u00e1gina do portal, chega-se diretamente em sua busca interna.<\/li>\n<li>Teclando-se Alt + 4 em qualquer p\u00e1gina do portal, chega-se diretamente ao rodap\u00e9 do site.<\/li>\n<\/ul>\n<p>Esses atalhos valem para o navegador Chrome, mas existem algumas varia\u00e7\u00f5es para outros navegadores.<\/p>\n<p>Quem prefere utilizar o Internet Explorer \u00e9 preciso apertar o bot\u00e3o Enter do seu teclado ap\u00f3s uma das combina\u00e7\u00f5es acima. Portanto, para chegar ao campo de busca de interna \u00e9 preciso pressionar Alt+3 e depois Enter.<\/p>\n<p>No caso do Firefox, em vez de Alt + n\u00famero, tecle simultaneamente Alt + Shift + n\u00famero.<\/p>\n<p>Sendo Firefox no Mac OS, em vez de Alt + Shift + n\u00famero, tecle simultaneamente Ctrl + Alt + n\u00famero.<\/p>\n<p>No Opera, as teclas s\u00e3o Shift + Escape + n\u00famero. Ao teclar apenas Shift + Escape, o usu\u00e1rio encontrar\u00e1 uma janela com todas as alternativas de ACCESSKEY da p\u00e1gina.<\/p>\n<p>Ao final desse texto, voc\u00ea poder\u00e1 baixar alguns arquivos que explicam melhor o termo acessibilidade e como deve ser implementado nos sites da Internet.<\/p>\n<h2>Leis e decretos sobre acessibilidade:<\/h2>\n<ul>\n<li><a title=\"\" <a href=\"http:\/\/www.planalto.gov.br\/ccivil_03\/_Ato2004-2006\/2004\/Decreto\/D5296.htm\" rel=\"nofollow\" target=\"_blank\">Decreto n\u00ba 5.296 de 02 de dezembro de 2004\u00a0<\/a>(link externo)<\/li>\n<li><a title=\"\" <a href=\"http:\/\/www.planalto.gov.br\/ccivil_03\/_ato2007-2010\/2009\/decreto\/d6949.htm\" rel=\"nofollow\" target=\"_blank\">Decreto n\u00ba 6.949, de 25 de agosto de 2009<\/a>\u00a0(link externo)\u00a0&#8211; Promulga a Conven\u00e7\u00e3o Internacional sobre os Direitos das Pessoas com Defici\u00eancia e seu Protocolo Facultativo, assinados em Nova York, em 30 de mar\u00e7o de 2007<\/li>\n<li><a title=\"\" <a href=\"http:\/\/www.planalto.gov.br\/ccivil_03\/_ato2011-2014\/2012\/Decreto\/D7724.htm\" rel=\"nofollow\" target=\"_blank\">Decreto n\u00ba 7.724, de 16 de Maio de 2012<\/a>\u00a0(link externo) &#8211; Regulamenta a Lei No 12.527, que disp\u00f5e sobre o acesso a informa\u00e7\u00f5es.<\/li>\n<li><a title=\"\" <a href=\"http:\/\/www.governoeletronico.gov.br\/acoes-e-projetos\/e-MAG\" rel=\"nofollow\" target=\"_blank\">Modelo de Acessibilidade de Governo Eletr\u00f4nico<\/a>\u00a0(link externo)<\/li>\n<li><a title=\"\" <a href=\"http:\/\/www.governoeletronico.gov.br\/biblioteca\/arquivos\/portaria-no-03-de-07-05-2007\" rel=\"nofollow\" target=\"_blank\">Portaria n\u00ba 03, de 07 de Maio de 2007 &#8211; formato .pdf (35,5Kb)<\/a>\u00a0(link externo) &#8211; Institucionaliza o Modelo de Acessibilidade em Governo Eletr\u00f4nico \u2013 e-MAG<\/li>\n<\/ul>\n<h2>D\u00favidas, sugest\u00f5es e cr\u00edticas:<\/h2>\n<p>No caso de problemas com a acessibilidade do portal, favor acessar a\u00a0<a <a href=\"https:\/\/www.arari.ma.gov.br\/index.php\/contato\" rel=\"nofollow\" target=\"_blank\">P\u00e1gina de contato<\/a>.<\/p>\n<h2>Dicas, links e recursos \u00fateis:<\/h2>\n<ul>\n<li><a title=\"\" <a href=\"http:\/\/acessibilidadelegal.com\/\" rel=\"nofollow\" target=\"_blank\">Acessibilidade Legal<\/a>\u00a0(link externo)<\/li>\n<li><a title=\"\" <a href=\"http:\/\/acessodigital.net\/links.html\" rel=\"nofollow\" target=\"_blank\">Acesso Digital<\/a>\u00a0(link externo)<\/li>\n<\/ul>\n","protected":false},"excerpt":{"rendered":"<p>Este portal segue as diretrizes do e-MAG (Modelo de Acessibilidade em Governo Eletr\u00f4nico), conforme as normas do Governo Federal, em obedi\u00eancia ao Decreto 5.296, de 2.12.2004. O termo acessibilidade significa incluir a pessoa com defici\u00eancia na participa\u00e7\u00e3o de atividades como o uso de produtos, servi\u00e7os e informa\u00e7\u00f5es. Alguns exemplos s\u00e3o os pr\u00e9dios com rampas de [&hellip;]<\/p>\n","protected":false},"author":8,"featured_media":0,"parent":0,"menu_order":0,"comment_status":"closed","ping_status":"closed","template":"acessibilidade.php","meta":{"_acf_changed":false,"footnotes":""},"class_list":["post-741","page","type-page","status-publish","hentry"],"acf":[],"_links":{"self":[{"href":"https:\/\/saobernardo.ma.gov.br\/transparencia\/wp-json\/wp\/v2\/pages\/741","targetHints":{"allow":["GET"]}}],"collection":[{"href":"https:\/\/saobernardo.ma.gov.br\/transparencia\/wp-json\/wp\/v2\/pages"}],"about":[{"href":"https:\/\/saobernardo.ma.gov.br\/transparencia\/wp-json\/wp\/v2\/types\/page"}],"author":[{"embeddable":true,"href":"https:\/\/saobernardo.ma.gov.br\/transparencia\/wp-json\/wp\/v2\/users\/8"}],"replies":[{"embeddable":true,"href":"https:\/\/saobernardo.ma.gov.br\/transparencia\/wp-json\/wp\/v2\/comments?post=741"}],"version-history":[{"count":2,"href":"https:\/\/saobernardo.ma.gov.br\/transparencia\/wp-json\/wp\/v2\/pages\/741\/revisions"}],"predecessor-version":[{"id":743,"href":"https:\/\/saobernardo.ma.gov.br\/transparencia\/wp-json\/wp\/v2\/pages\/741\/revisions\/743"}],"wp:attachment":[{"href":"https:\/\/saobernardo.ma.gov.br\/transparencia\/wp-json\/wp\/v2\/media?parent=741"}],"curies":[{"name":"wp","href":"https:\/\/api.w.org\/{rel}","templated":true}]}}