 {"id":77,"date":"2017-05-29T11:41:10","date_gmt":"2017-05-29T14:41:10","guid":{"rendered":"http:\/\/saobernardo.ma.gov.br\/gestaopublica\/?page_id=77"},"modified":"2023-06-21T09:50:03","modified_gmt":"2023-06-21T12:50:03","slug":"loa","status":"publish","type":"page","link":"https:\/\/saobernardo.ma.gov.br\/transparencia\/planejamento-orcamentario\/loa\/","title":{"rendered":"LOA"},"content":{"rendered":"<p>Acesse a LOA &#8211; Lei Or\u00e7ament\u00e1ria Anual do nosso Munic\u00edpio<\/p>\n<div id=\"footable_parent_15109\"\n         class=\" footable_parent ninja_table_wrapper loading_ninja_table wp_table_data_press_parent semantic_ui \">\n                <table data-ninja_table_instance=\"ninja_table_instance_0\" data-footable_id=\"15109\" data-filter-delay=\"1000\" aria-label=\"LDO | PPA | LDO\"            id=\"footable_15109\"\n           data-unique_identifier=\"ninja_table_unique_id_26154361_15109\"\n           class=\" foo-table ninja_footable foo_table_15109 ninja_table_unique_id_26154361_15109 ui table  nt_type_legacy_table selectable striped vertical_centered  footable-paging-right ninja_table_pro ninja_table_afd_inline ninja_table_has_custom_filter\">\n                <colgroup>\n                            <col class=\"ninja_column_0 \">\n                            <col class=\"ninja_column_1 \">\n                            <col class=\"ninja_column_2 \">\n                            <col class=\"ninja_column_3 \">\n                    <\/colgroup>\n        <thead>\n<tr class=\"footable-header\">\n                                                                        <th scope=\"col\"  class=\"ninja_column_0 ninja_clmn_nm_posttitle \">Descri\u00e7\u00e3o<\/th><th scope=\"col\"  class=\"ninja_column_1 ninja_clmn_nm_postdate \">Data<\/th><th scope=\"col\"  class=\"ninja_column_2 ninja_clmn_nm_postano \">Ano<\/th><th scope=\"col\"  class=\"ninja_column_3 ninja_clmn_nm_download \">Download<\/th><\/tr>\n<\/thead>\n<tbody>\n\n        <tr data-row_id=\"0\" class=\"ninja_table_row_0 nt_row_id_0\">\n            <td>LEI ORDIN\u00c1RIA MUNICIPAL N\u00ba 844, DE 19 DE NOVEMBRO DE 2025 - \u201cDisp\u00f5e sobre a cria\u00e7\u00e3o da LOA \u2013 Lei Or\u00e7ament\u00e1ria Anual do munic\u00edpio de S\u00e3o Bernardo Estado do Maranh\u00e3o para o exerc\u00edcio de 2026 Estima a receita, fixa a despesa e d\u00e1 outras providencias.\u201d<\/td><td>19\/11\/2025<\/td><td>2025<\/td><td><a target=\"_blank\"  class=\"nt_btn nt_rounded_btn\" style=\"color: rgba(255, 255, 255, 1);background-color: rgba(0, 150, 136, 1);border-color: rgba(0, 150, 136, 1);\" rel=\"\" href=\"https:\/\/saobernardo.ma.gov.br\/transparencia\/wp-content\/uploads\/2025\/11\/LEI-MUNICIPAL-844-2025-LOA-2026-COM-ANEXO.pdf\">Download<\/a><\/td>        <\/tr>\n            <tr data-row_id=\"1\" class=\"ninja_table_row_1 nt_row_id_1\">\n            <td>LEI ORDIN\u00c1RIA MUNICIPAL N\u00ba 839, DE 09 DE OUTUBRO DE 2025 - Disp\u00f5e sobre a cria\u00e7\u00e3o da LDO \u2013 Lei de diretrizes Or\u00e7ament\u00e1rias do munic\u00edpio de S\u00e3o Bernardo Estado do Maranh\u00e3o para o exerc\u00edcio de 2026 e d\u00e1 outras providencias.<\/td><td>09\/10\/2025<\/td><td>2025<\/td><td><a target=\"_blank\"  class=\"nt_btn nt_rounded_btn\" style=\"color: rgba(255, 255, 255, 1);background-color: rgba(0, 150, 136, 1);border-color: rgba(0, 150, 136, 1);\" rel=\"\" href=\"https:\/\/saobernardo.ma.gov.br\/transparencia\/wp-content\/uploads\/2025\/10\/LEI-MUNICIPAL-No-310-LDO-2026.pdf\">Download<\/a><\/td>        <\/tr>\n            <tr data-row_id=\"2\" class=\"ninja_table_row_2 nt_row_id_2\">\n            <td>LEI ORDIN\u00c1RIA MUNICIPAL N\u00ba 838, DE 22 DE SETEMBRO DE 2025 - Disp\u00f5e sobre a cria\u00e7\u00e3o do PPA \u2013 Plano Plurianual do munic\u00edpio de S\u00e3o Bernardo Estado do Maranh\u00e3o para o quadri\u00eanio 2026 a 2029 e d\u00e1 outras providencias.<\/td><td>22\/09\/2025<\/td><td>2025<\/td><td><a target=\"_blank\"  class=\"nt_btn nt_rounded_btn\" style=\"color: rgba(255, 255, 255, 1);background-color: rgba(0, 150, 136, 1);border-color: rgba(0, 150, 136, 1);\" rel=\"\" href=\"https:\/\/saobernardo.ma.gov.br\/transparencia\/wp-content\/uploads\/2025\/09\/LEI-ORDINARIA-N-838-2025-PPA-2026-A-2029-COM-ANEXO-1.pdf\">Download<\/a><\/td>        <\/tr>\n            <tr data-row_id=\"3\" class=\"ninja_table_row_3 nt_row_id_3\">\n            <td>LEI ORDIN\u00c1RIA MUNICIPAL N\u00ba 831, DE 20 DE DEZEMBRO DE 2024 - Disp\u00f5e sobre a cria\u00e7\u00e3o da LOA \u2013 Lei Or\u00e7ament\u00e1ria Anual do munic\u00edpio de S\u00e3o Bernardo Estado do Maranh\u00e3o para o exerc\u00edcio de 2025 Estima a receita, fixa a despesa e d\u00e1 outras providencias.<\/td><td>23\/12\/2024<\/td><td>2024<\/td><td><a target=\"_blank\"  class=\"nt_btn nt_rounded_btn\" style=\"color: rgba(255, 255, 255, 1);background-color: rgba(0, 150, 136, 1);border-color: rgba(0, 150, 136, 1);\" rel=\"\" href=\"https:\/\/saobernardo.ma.gov.br\/transparencia\/wp-content\/uploads\/2024\/12\/LEI-831-2024-Lei-Orcamentario-LOA-2025-C-ANEXO.pdf\">Download<\/a><\/td>        <\/tr>\n            <tr data-row_id=\"4\" class=\"ninja_table_row_4 nt_row_id_4\">\n            <td>LEI ORDIN\u00c1RIA MUNICIPAL N\u00ba 827, DE 23 DE JULHO DE 2024 - \u201cDisp\u00f5e sobre a cria\u00e7\u00e3o da LDO \u2013 Lei de Diretrizes Or\u00e7ament\u00e1rias do Munic\u00edpio de S\u00e3o Bernardo, Estado do Maranh\u00e3o, para o exerc\u00edcio de 2025, e d\u00e1 outras providencias.\u201d<\/td><td>23\/07\/2024<\/td><td>2024<\/td><td><a target=\"_blank\"  class=\"nt_btn nt_rounded_btn\" style=\"color: rgba(255, 255, 255, 1);background-color: rgba(0, 150, 136, 1);border-color: rgba(0, 150, 136, 1);\" rel=\"\" href=\"https:\/\/saobernardo.ma.gov.br\/transparencia\/wp-content\/uploads\/2024\/07\/LEI-MUNICIPAL-No-827-2024-LDO-2025.pdf\">Download<\/a><\/td>        <\/tr>\n            <tr data-row_id=\"5\" class=\"ninja_table_row_5 nt_row_id_5\">\n            <td>LEI ORDIN\u00c1RIA MUNICIPAL N\u00ba 817, DE 09 DE NOVEMBRO DE 2023 - Disp\u00f5e sobre a cria\u00e7\u00e3o da LOA \u2013 Lei Or\u00e7ament\u00e1ria Anual do munic\u00edpio de S\u00e3o Bernardo, Estado do Maranh\u00e3o, para o exerc\u00edcio de 2024, Estima a receita, fixa a despesa e d\u00e1 outras providencias.<\/td><td>09\/11\/2023<\/td><td>2023<\/td><td><a target=\"_blank\"  class=\"nt_btn nt_rounded_btn\" style=\"color: rgba(255, 255, 255, 1);background-color: rgba(0, 150, 136, 1);border-color: rgba(0, 150, 136, 1);\" rel=\"\" href=\"https:\/\/saobernardo.ma.gov.br\/transparencia\/wp-content\/uploads\/2023\/11\/ilovepdf_merged.pdf\">Download<\/a><\/td>        <\/tr>\n            <tr data-row_id=\"6\" class=\"ninja_table_row_6 nt_row_id_6\">\n            <td>LEI ORDIN\u00c1RIA MUNICIPAL N\u00ba 810, DE 12 DE JULHO DE 2023 - \u201cDisp\u00f5e sobre a cria\u00e7\u00e3o da LDO - Lei de diretrizes Or\u00e7ament\u00e1rias do munic\u00edpio de S\u00e3o Bernardo Estado do Maranh\u00e3o para o exerc\u00edcio de 2024 e d\u00e1 outras provid\u00eancias.\u201d<\/td><td>12\/07\/2023<\/td><td>2023<\/td><td><a target=\"_blank\"  class=\"nt_btn nt_rounded_btn\" style=\"color: rgba(255, 255, 255, 1);background-color: rgba(0, 150, 136, 1);border-color: rgba(0, 150, 136, 1);\" rel=\"\" href=\"https:\/\/saobernardo.ma.gov.br\/transparencia\/wp-content\/uploads\/2024\/06\/OFICIO-158-2001_merged.pdf\">Download<\/a><\/td>        <\/tr>\n            <tr data-row_id=\"7\" class=\"ninja_table_row_7 nt_row_id_7\">\n            <td>LEI ORDIN\u00c1RIA MUNICIPAL N\u00ba 801, DE 31 DE AGOSTO DE 2022 - \u201cDisp\u00f5e sobre a cria\u00e7\u00e3o da LDO \u2013 Lei de Diretrizes Or\u00e7ament\u00e1rias do Munic\u00edpio de S\u00e3o Bernardo Estado do Maranh\u00e3o para exerc\u00edcio de 2023 do Poder Executivo Municipal, e d\u00e1 outras provid\u00eancias.\u201d<\/td><td>01\/09\/2022<\/td><td>2022<\/td><td><a target=\"_blank\"  class=\"nt_btn nt_rounded_btn\" style=\"color: rgba(255, 255, 255, 1);background-color: rgba(0, 150, 136, 1);border-color: rgba(0, 150, 136, 1);\" rel=\"\" href=\"https:\/\/saobernardo.ma.gov.br\/transparencia\/wp-content\/uploads\/2022\/09\/Lei-801-LDO2022.pdf\">Download<\/a><\/td>        <\/tr>\n            <tr data-row_id=\"8\" class=\"ninja_table_row_8 nt_row_id_8\">\n            <td>LEI ORDIN\u00c1RIA MUNICIPAL N\u00ba 793, DE 31 DE DEZEMBRO DE 2021 - \u201cDisp\u00f5e sobre a cria\u00e7\u00e3o da LOA \u2013 Lei Or\u00e7ament\u00e1ria Anual do Munic\u00edpio de S\u00e3o Bernardo, Estado do Maranh\u00e3o para exerc\u00edcio de 2022, Estima a receita, fixa a despesa e d\u00e1 outras providencias.\u201d<\/td><td>31\/12\/2021<\/td><td>2021<\/td><td><a target=\"_blank\"  class=\"nt_btn nt_rounded_btn\" style=\"color: rgba(255, 255, 255, 1);background-color: rgba(0, 150, 136, 1);border-color: rgba(0, 150, 136, 1);\" rel=\"\" href=\"https:\/\/saobernardo.ma.gov.br\/transparencia\/wp-content\/uploads\/2021\/12\/ilovepdf_merged_merged_compressed.pdf\">Download<\/a><\/td>        <\/tr>\n            <tr data-row_id=\"9\" class=\"ninja_table_row_9 nt_row_id_9\">\n            <td>LEI COMPLEMENTAR MUNICIPAL N\u00ba 13, de 28 de dezembro de 2021 - \u201cDisp\u00f5e sobre a cria\u00e7\u00e3o do PPA \u2013 Plano Plurianual do munic\u00edpio de S\u00e3o Bernardo, Estado do Maranh\u00e3o, para o quadri\u00eanio 2022 a 2025; E d\u00e1 outras provid\u00eancias.\u201d<\/td><td>28\/12\/2021<\/td><td>2021<\/td><td><a target=\"_blank\"  class=\"nt_btn nt_rounded_btn\" style=\"color: rgba(255, 255, 255, 1);background-color: rgba(0, 150, 136, 1);border-color: rgba(0, 150, 136, 1);\" rel=\"\" href=\"https:\/\/saobernardo.ma.gov.br\/transparencia\/wp-content\/uploads\/2021\/12\/ANEXO-4_merged-1.pdf\">Download<\/a><\/td>        <\/tr>\n            <tr data-row_id=\"10\" class=\"ninja_table_row_10 nt_row_id_10\">\n            <td>LEI OR\u00c7AMENTARIA ANUAL- Disp\u00f5e sobre a cria\u00e7\u00e3o da LOA \u2013 Lei Or\u00e7ament\u00e1ria Anual do munic\u00edpio de S\u00e3o Bernardo Estado do Maranh\u00e3o para o exerc\u00edcio de 2021Estima a receita, fixa a despesa e d\u00e1 outras providencias.<\/td><td>06\/07\/2021<\/td><td>2021<\/td><td><a target=\"_blank\"  class=\"nt_btn nt_rounded_btn\" style=\"color: rgba(255, 255, 255, 1);background-color: rgba(0, 150, 136, 1);border-color: rgba(0, 150, 136, 1);\" rel=\"\" href=\"https:\/\/saobernardo.ma.gov.br\/transparencia\/wp-content\/uploads\/2021\/07\/LOA-2021.pdf\">Download<\/a><\/td>        <\/tr>\n            <tr data-row_id=\"11\" class=\"ninja_table_row_11 nt_row_id_11\">\n            <td>LDO \u2013 LEI DE DIRETRIZES OR\u00c7AMENTARIAS DO MUNIC\u00cdPIO DE S\u00c3O BERNARDO de 2021<\/td><td>15\/04\/2021<\/td><td>2021<\/td><td><a target=\"_blank\"  class=\"nt_btn nt_rounded_btn\" style=\"color: rgba(255, 255, 255, 1);background-color: rgba(0, 150, 136, 1);border-color: rgba(0, 150, 136, 1);\" rel=\"\" href=\"https:\/\/saobernardo.ma.gov.br\/transparencia\/wp-content\/uploads\/2021\/10\/LDO-2021-Sao-Bernardo.pdf\">Download<\/a><\/td>        <\/tr>\n            <tr data-row_id=\"12\" class=\"ninja_table_row_12 nt_row_id_12\">\n            <td>LDO - LEI DE DIRETRIZES OR\u00c7AMENTARIAS DO MUNIC\u00cdPIO DE S\u00c3O BERNARDO de 2020.<\/td><td>23\/12\/2020<\/td><td>2020<\/td><td><a target=\"_blank\"  class=\"nt_btn nt_rounded_btn\" style=\"color: rgba(255, 255, 255, 1);background-color: rgba(0, 150, 136, 1);border-color: rgba(0, 150, 136, 1);\" rel=\"\" href=\"https:\/\/saobernardo.ma.gov.br\/transparencia\/wp-content\/uploads\/2020\/12\/LEI-776-LDO-2020.pdf\">Download<\/a><\/td>        <\/tr>\n            <tr data-row_id=\"13\" class=\"ninja_table_row_13 nt_row_id_13\">\n            <td>LOA \u2013  2021 OR\u00c7AMENT\u00c1RIO ANUAL DO MUNIC\u00cdPiO DE S\u00c3O BERNARDO \u2013 MA<\/td><td>24\/09\/2020<\/td><td>2020<\/td><td><a target=\"_blank\"  class=\"nt_btn nt_rounded_btn\" style=\"color: rgba(255, 255, 255, 1);background-color: rgba(0, 150, 136, 1);border-color: rgba(0, 150, 136, 1);\" rel=\"\" href=\"https:\/\/saobernardo.ma.gov.br\/transparencia\/wp-content\/uploads\/2020\/09\/LEI-ORCAMENTARIA-ANUAL-2021-1.pdf\">Download<\/a><\/td>        <\/tr>\n            <tr data-row_id=\"14\" class=\"ninja_table_row_14 nt_row_id_14\">\n            <td>LOA-2020. Lei MUNICIPAL N\u00b0 773, DE 19 DE MAR\u00c7O DE 2020 do Munic\u00edpio de S\u00e3o Bernardo-Ma para o exerc\u00edcio de 2020.<\/td><td>19\/03\/2020<\/td><td>2020<\/td><td><a target=\"_blank\"  class=\"nt_btn nt_rounded_btn\" style=\"color: rgba(255, 255, 255, 1);background-color: rgba(0, 150, 136, 1);border-color: rgba(0, 150, 136, 1);\" rel=\"\" href=\"https:\/\/saobernardo.ma.gov.br\/transparencia\/wp-content\/uploads\/2020\/03\/LOA-2020.-Lei-MUNICIPAL-N\u00b0-773-DE-19-DE-MAR\u00c7O-DE-2020-do-Munic\u00edpio-de-S\u00e3o-Bernardo-Ma-para-o-exerc\u00edcio-de-2020..pdf\">Download<\/a><\/td>        <\/tr>\n            <tr data-row_id=\"15\" class=\"ninja_table_row_15 nt_row_id_15\">\n            <td>Lei Ordind\u00e1ria Municipal N\u00b0 763, de 30 de Julho de 2019. Disp\u00f5e sobre a cria\u00e7\u00e3o da LDO - Lei de diretrizes Or\u00e7ament\u00e1rias do Municipio de S\u00e3o Bernardo - Ma, para o exerc\u00edcio de 2020, e d\u00e1 outras provid\u00eancias<\/td><td>30\/07\/2019<\/td><td>2019<\/td><td><a target=\"_blank\"  class=\"nt_btn nt_rounded_btn\" style=\"color: rgba(255, 255, 255, 1);background-color: rgba(0, 150, 136, 1);border-color: rgba(0, 150, 136, 1);\" rel=\"\" href=\"https:\/\/saobernardo.ma.gov.br\/transparencia\/wp-content\/uploads\/2019\/09\/Lei-Ordind\u00e1ria-Municipal-N\u00b0-763-de-30-de-Julho-de-2019.-Disp\u00f5e-sobre-a-cria\u00e7\u00e3o-da-LDO-Lei-de-diretrizes-Or\u00e7ament\u00e1rias-do-Municipio-de-S\u00e3o-Bernardo-Ma.pdf\">Download<\/a><\/td>        <\/tr>\n            <tr data-row_id=\"16\" class=\"ninja_table_row_16 nt_row_id_16\">\n            <td>LOA \u2013 LEI 750 - 14 de janeiro de 2019 OR\u00c7AMENT\u00c1RIO ANUAL DO MUNIC\u00cdPiO DE S\u00c3O BERNARDO - MA<\/td><td>15\/01\/2019<\/td><td>2019<\/td><td><a target=\"_blank\"  class=\"nt_btn nt_rounded_btn\" style=\"color: rgba(255, 255, 255, 1);background-color: rgba(0, 150, 136, 1);border-color: rgba(0, 150, 136, 1);\" rel=\"\" href=\"https:\/\/saobernardo.ma.gov.br\/transparencia\/wp-content\/uploads\/2019\/01\/LOA-\u2013-LEI-750-OR\u00c7AMENT\u00c1RIO-ANUAL-DO-MUNIC\u00cdPO-DE-S\u00c3O-BERNARDO-DE.pdf\">Download<\/a><\/td>        <\/tr>\n            <tr data-row_id=\"17\" class=\"ninja_table_row_17 nt_row_id_17\">\n            <td>LEI MUNICIPAL N\u00b0 741, 20 de Setembro de 2018 - DISP\u00d5E SOBRE A CRIA\u00c7\u00c3O DA LDO-LEI DE DIRETRIZES OR\u00c7AMENTARIAS DO MUNIC\u00cdPIO DE S\u00c3O BERNARDO, ESTADO DO MARANH\u00c3O PARA O EXERC\u00cdCIO DE 2019 E D\u00c1 OUTRAS PROVIDENCIAS<\/td><td>20\/09\/2018<\/td><td>2018<\/td><td><a target=\"_blank\"  class=\"nt_btn nt_rounded_btn\" style=\"color: rgba(255, 255, 255, 1);background-color: rgba(0, 150, 136, 1);border-color: rgba(0, 150, 136, 1);\" rel=\"\" href=\"https:\/\/saobernardo.ma.gov.br\/transparencia\/wp-content\/uploads\/2018\/09\/LDO-2019-OK-NET.pdf\">Download<\/a><\/td>        <\/tr>\n            <tr data-row_id=\"18\" class=\"ninja_table_row_18 nt_row_id_18\">\n            <td>LOA  - Lei Or\u00e7ament\u00e1rio Anual do Munic\u00edpo de S\u00e3o Bernardo de 2018<\/td><td>30\/12\/2017<\/td><td>2017<\/td><td><a target=\"_blank\"  class=\"nt_btn nt_rounded_btn\" style=\"color: rgba(255, 255, 255, 1);background-color: rgba(0, 150, 136, 1);border-color: rgba(0, 150, 136, 1);\" rel=\"\" href=\"https:\/\/saobernardo.ma.gov.br\/transparencia\/wp-content\/uploads\/2018\/06\/LOA-Lei-Or\u00e7ament\u00e1rio-Anual-do-Munic\u00edpo-de-S\u00e3o-Bernardo-de-2018.pdf\">Download<\/a><\/td>        <\/tr>\n            <tr data-row_id=\"19\" class=\"ninja_table_row_19 nt_row_id_19\">\n            <td>Lei Municipal n\u00b0 731, de 19 de Dezembro de 2017-Disp\u00f5e sobre a cria\u00e7\u00e3o da LDO-Lei de diretrizes or\u00e7amentarias do Munic\u00edpio de S\u00e3o Bernardo, Estado do Maranh\u00e3o para o exercicio de 2018 e d\u00e1 outras providencias.<\/td><td>19\/12\/2017<\/td><td>2017<\/td><td><a target=\"_blank\"  class=\"nt_btn nt_rounded_btn\" style=\"color: rgba(255, 255, 255, 1);background-color: rgba(0, 150, 136, 1);border-color: rgba(0, 150, 136, 1);\" rel=\"\" href=\"https:\/\/saobernardo.ma.gov.br\/transparencia\/wp-content\/uploads\/2018\/04\/LDO_2017-a-2018-PMSB-ok.pdf\">Download<\/a><\/td>        <\/tr>\n            <tr data-row_id=\"20\" class=\"ninja_table_row_20 nt_row_id_20\">\n            <td>LOA 2016 a 2017 S\u00c3O BERNARDO-MA<\/td><td>17\/01\/2017<\/td><td>2017<\/td><td><a target=\"_blank\"  class=\"nt_btn nt_rounded_btn\" style=\"color: rgba(255, 255, 255, 1);background-color: rgba(0, 150, 136, 1);border-color: rgba(0, 150, 136, 1);\" rel=\"\" href=\"https:\/\/saobernardo.ma.gov.br\/transparencia\/wp-content\/uploads\/2017\/05\/LOA-2017-S\u00c3O-BERNARDO-MA-SITE.pdf\">Download<\/a><\/td>        <\/tr>\n            <tr data-row_id=\"21\" class=\"ninja_table_row_21 nt_row_id_21\">\n            <td>PPA 2017 S\u00e3o Bernardo<\/td><td>17\/01\/2017<\/td><td>2017<\/td><td><a target=\"_blank\"  class=\"nt_btn nt_rounded_btn\" style=\"color: rgba(255, 255, 255, 1);background-color: rgba(0, 150, 136, 1);border-color: rgba(0, 150, 136, 1);\" rel=\"\" href=\"https:\/\/saobernardo.ma.gov.br\/transparencia\/wp-content\/uploads\/2017\/06\/1.1-PPA-2014-2017-site.pdf\">Download<\/a><\/td>        <\/tr>\n            <tr data-row_id=\"22\" class=\"ninja_table_row_22 nt_row_id_22\">\n            <td>PPA 2018 - LEI MUNICIPAL N\u00b0 732 DE 30 DE DEZEMBRO DE 2017. DISP\u00d5E SOBRE A CRIA\u00c7\u00c3O DO PPA-PLANO PLURIANUAL DO MUNIC\u00cdPIO DE S\u00c3O BERNARDO PARA O QUADRI\u00c9NIO 2018 \u00c0 2021 E D\u00c1 OUTRAS PROVID\u00caNCIAS.<\/td><td>06\/01\/2017<\/td><td>2017<\/td><td><a target=\"_blank\"  class=\"nt_btn nt_rounded_btn\" style=\"color: rgba(255, 255, 255, 1);background-color: rgba(0, 150, 136, 1);border-color: rgba(0, 150, 136, 1);\" rel=\"\" href=\"https:\/\/saobernardo.ma.gov.br\/transparencia\/wp-content\/uploads\/2018\/06\/PPA_2018ok.pdf\">Download<\/a><\/td>        <\/tr>\n    <\/tbody><!--ninja_tobody_rendering_done-->\n    <\/table>\n    \n    \n    \n<\/div>\n\n","protected":false},"excerpt":{"rendered":"<p>Acesse a LOA &#8211; Lei Or\u00e7ament\u00e1ria Anual do nosso Munic\u00edpio<\/p>\n","protected":false},"author":8,"featured_media":0,"parent":1453,"menu_order":0,"comment_status":"closed","ping_status":"closed","template":"","meta":{"_acf_changed":false,"footnotes":""},"class_list":["post-77","page","type-page","status-publish","hentry"],"acf":[],"_links":{"self":[{"href":"https:\/\/saobernardo.ma.gov.br\/transparencia\/wp-json\/wp\/v2\/pages\/77","targetHints":{"allow":["GET"]}}],"collection":[{"href":"https:\/\/saobernardo.ma.gov.br\/transparencia\/wp-json\/wp\/v2\/pages"}],"about":[{"href":"https:\/\/saobernardo.ma.gov.br\/transparencia\/wp-json\/wp\/v2\/types\/page"}],"author":[{"embeddable":true,"href":"https:\/\/saobernardo.ma.gov.br\/transparencia\/wp-json\/wp\/v2\/users\/8"}],"replies":[{"embeddable":true,"href":"https:\/\/saobernardo.ma.gov.br\/transparencia\/wp-json\/wp\/v2\/comments?post=77"}],"version-history":[{"count":4,"href":"https:\/\/saobernardo.ma.gov.br\/transparencia\/wp-json\/wp\/v2\/pages\/77\/revisions"}],"predecessor-version":[{"id":15198,"href":"https:\/\/saobernardo.ma.gov.br\/transparencia\/wp-json\/wp\/v2\/pages\/77\/revisions\/15198"}],"up":[{"embeddable":true,"href":"https:\/\/saobernardo.ma.gov.br\/transparencia\/wp-json\/wp\/v2\/pages\/1453"}],"wp:attachment":[{"href":"https:\/\/saobernardo.ma.gov.br\/transparencia\/wp-json\/wp\/v2\/media?parent=77"}],"curies":[{"name":"wp","href":"https:\/\/api.w.org\/{rel}","templated":true}]}}